{"id":625,"date":"2023-01-20T10:07:49","date_gmt":"2023-01-20T10:07:49","guid":{"rendered":"http:\/\/psychotherapie-breitling.de\/?page_id=625"},"modified":"2023-02-04T18:13:47","modified_gmt":"2023-02-04T18:13:47","slug":"werdegang","status":"publish","type":"page","link":"http:\/\/psychotherapie-breitling.de\/en\/werdegang\/","title":{"rendered":"Werdegang"},"content":{"rendered":"<div class=\"wp-block-columns is-layout-flex wp-container-core-columns-is-layout-9d6595d7 wp-block-columns-is-layout-flex\">\n<div class=\"wp-block-column has-text-color is-layout-flow wp-block-column-is-layout-flow\" style=\"color:#710202;font-size:18px;flex-basis:66.66%\">\n<p><strong>DER MENSCH STAND SCHON IMMER IM FOKUS MEINES INTERESSES.<\/strong><\/p>\n<p><strong>Was macht uns gesund oder krank? Wie ticken wir?<\/strong><\/p>\n<p>Mein Wissensdurst f\u00fchrte mich zun\u00e4chst zu Studien der Geisteswissenschaft und Humanmedizin an der LMU in M\u00fcnchen und \u00fcber einen 20-j\u00e4hrigen Aufenthalt in den USA wieder zur\u00fcck nach M\u00fcnchen, wo ich seit 2019 in eigener Praxis t\u00e4tig bin.<\/p>\n<p>Ich bin durch das Gesundheitsamt M\u00fcnchen gepr\u00fcfte und zugelassene Heilpraktikerin beschr\u00e4nkt auf das Gebiet der Psychotherapie und habe eine&nbsp;<strong>Fachausbildung in&nbsp;Krisen-, Sterbe-, Trauertherapie<\/strong>. Zus\u00e4tzlich habe ich <strong>fachliche<\/strong> <strong>Weiterbildungen<\/strong> in A.R.T. und M.F.T. bei Dr. med Klinghardt in Seattle, WA (USA) und Systemisches Familienstellen bei Siglinde Schneider in M\u00fcnchen, sowie <strong>Hospitanzen<\/strong> bei Jakob Schneider (M\u00fcnchen) und in der Klink f\u00fcr Palliativmedizin, Hospiz Barmherzige Br\u00fcder (M\u00fcnchen-Nymphenburg) absolviert.<\/p>\n<p><span style=\"font-weight: 400;\"><strong>In meiner psychotherapeutischen Arbeit<\/strong>&nbsp;fokussiere ich vor allem auf Themen der Verg\u00e4nglichkeit und des Abschieds. Zu mir kommen vorwiegend (nicht ausschlie\u00dflich) Menschen, die sich in Krisensituationen befinden, bspw. schwere Verluste erlitten haben und alleine nicht mehr aus der Trauer herausfinden. <\/span><span style=\"font-weight: 400;\">Hierzu&nbsp;wende ich in der Psychotherapie<strong> anerkannte und g\u00e4ngige Verfahren <\/strong>an, wie z.B. Gespr\u00e4chstherapie, Trauertherapie, systemische Aufstellungen, die Arbeit mit dem Inneren Kind, aber auch Methoden aus der Gestalt-, Kunst- und Verhaltenstherapie.<\/span><\/p>\n<p><b>St\u00e4ndige fachliche Weiterbildung<\/b>, die eigene Pers\u00f6nlichkeitsentwicklung und Supervision&nbsp;<span style=\"font-weight: 400;\">sind selbstverst\u00e4ndliche und wichtige Bestandteile meiner Arbeit. Demgem\u00e4\u00df absolviere ich derzeit mit gro\u00dfer Freude ein BA-Studium der Philosophie und KMT (inkl. Kunsttherapie) an der Ludwig-Maximilians-Universit\u00e4t in M\u00fcnchen. Es bef\u00e4higt mich neue philosophische und existenziell-spirituelle&nbsp; Perspektiven f\u00fcr meine Klienten (und nat\u00fcrlich auch mich) zu erschlie\u00dfen und hat mich angeregt \u00fcber philosophische und psychotherapeutische Themen zu schreiben.<\/span><\/p>\n<p>Ich bin Mitglied in verschiedenen <strong>professionellen Vereinigungen<\/strong> (siehe nebenstehende Tabelle). Au\u00dferdem engagiere ich mich in der \u00d6ffentlichkeit, leite Gespr\u00e4chskreise und kooperiere mit professionellen Vereinigungen aus den Bereichen Verg\u00e4nglichkeit und Trauer, auf die ich ausf\u00fchrlicher auf der Seite \u201eMeine Philosophie&#8220; eingehe.&nbsp;<\/p>\n<p><\/p>\n<\/div>\n\n\n\n<div class=\"wp-block-column is-layout-flow wp-block-column-is-layout-flow\" style=\"font-size:18px;flex-basis:33.33%\">\n<p>\u00a0<\/p>\n<p>\u00a0<\/p>\n<p><span style=\"color: #710202;\"><strong>HIGHLIGHTS<\/strong><\/span><\/p>\n<ul>\n<li><span style=\"color: #000000;\">Seit 2019 i<span style=\"font-size: revert;\">n eigener Praxis<\/span><\/span><\/li>\n<li><span style=\"color: #000000;\">Sitzungen in Englisch und Deutsch<\/span><\/li>\n<li><span style=\"font-size: revert; color: #000000;\">Zertifizierte Krisen-, Sterbe-, Trauertherapeutin<\/span><\/li>\n<li><span style=\"color: #000000;\">Zulassung zur berufsm\u00e4\u00dfigen Aus\u00fcbung<\/span> <span style=\"color: #000000;\">als HP Psych durch Gesundheitsamt M\u00fcnchen<\/span><\/li>\n<li><span style=\"font-size: revert; color: #000000;\">1997-2017: USA-Aufenthalt, dort Studien und berufliche T\u00e4tigkeit<\/span><\/li>\n<li><span style=\"color: #000000;\">1994-1996 Medizinstudium<\/span><\/li>\n<li><span style=\"color: #000000;\">Mehr Infos auf<\/span> <span style=\"color: #0000ff;\"><a style=\"color: #0000ff;\" href=\"https:\/\/www.linkedin.com\/in\/jutta-breitling-96abb913\/\" target=\"_blank\" rel=\"noopener\">LinkedIn<\/a><\/span><\/li>\n<\/ul>\n<p><span style=\"color: #710202;\"><strong>THERAPIE-SCHWERPUNKTE<\/strong><\/span><\/p>\n<ul>\n<li><span style=\"color: #000000;\">Krisen- und Trauertherapie<\/span><\/li>\n<li><span style=\"font-size: revert; color: #000000;\">Begleitung bei finalen Diagnosen oder schwerer Krankheit <\/span><\/li>\n<li><span style=\"font-size: revert; color: #000000;\">Begleitung\/Beratung von Angeh\u00f6rigen<\/span><\/li>\n<\/ul>\n<p><span style=\"color: #800000;\"><strong>MITGLIEDSCHAFTEN<\/strong><\/span><\/p>\n<ul>\n<li><span style=\"color: #000000;\">VFP \u2013 Verband freier Psychotherapeuten, HP Psych und psychologischer Berater e.V.<\/span><\/li>\n<li><span style=\"color: #000000;\">Trauma Hilfe Zentrum M\u00fcnchen<\/span><\/li>\n<li><span style=\"font-weight: 400; color: #000000;\">ACBS \u2013 Association for Contextual Behavioral Science<\/span><\/li>\n<li><span style=\"color: #000000;\">Berufsgenossenschaft f\u00fcr Gesundheitsdienst und Wohlfahrtspflege<\/span><\/li>\n<\/ul>\n<\/div>\n<\/div>","protected":false},"excerpt":{"rendered":"<p>DER MENSCH STAND SCHON IMMER IM FOKUS MEINES INTERESSES. Was macht uns gesund oder krank? Wie ticken wir? Mein Wissensdurst f\u00fchrte mich zun\u00e4chst zu Studien der Geisteswissenschaft und Humanmedizin an der LMU in M\u00fcnchen und \u00fcber einen 20-j\u00e4hrigen Aufenthalt in den USA wieder zur\u00fcck nach M\u00fcnchen, wo ich seit 2019 in eigener Praxis t\u00e4tig bin&#8230;.<\/p>","protected":false},"author":1,"featured_media":0,"parent":0,"menu_order":0,"comment_status":"closed","ping_status":"closed","template":"","meta":{"footnotes":""},"class_list":["post-625","page","type-page","status-publish","hentry"],"_links":{"self":[{"href":"http:\/\/psychotherapie-breitling.de\/en\/wp-json\/wp\/v2\/pages\/625","targetHints":{"allow":["GET"]}}],"collection":[{"href":"http:\/\/psychotherapie-breitling.de\/en\/wp-json\/wp\/v2\/pages"}],"about":[{"href":"http:\/\/psychotherapie-breitling.de\/en\/wp-json\/wp\/v2\/types\/page"}],"author":[{"embeddable":true,"href":"http:\/\/psychotherapie-breitling.de\/en\/wp-json\/wp\/v2\/users\/1"}],"replies":[{"embeddable":true,"href":"http:\/\/psychotherapie-breitling.de\/en\/wp-json\/wp\/v2\/comments?post=625"}],"version-history":[{"count":123,"href":"http:\/\/psychotherapie-breitling.de\/en\/wp-json\/wp\/v2\/pages\/625\/revisions"}],"predecessor-version":[{"id":1166,"href":"http:\/\/psychotherapie-breitling.de\/en\/wp-json\/wp\/v2\/pages\/625\/revisions\/1166"}],"wp:attachment":[{"href":"http:\/\/psychotherapie-breitling.de\/en\/wp-json\/wp\/v2\/media?parent=625"}],"curies":[{"name":"wp","href":"https:\/\/api.w.org\/{rel}","templated":true}]}}