{"id":18,"date":"2023-01-04T11:19:11","date_gmt":"2023-01-04T11:19:11","guid":{"rendered":"http:\/\/psychotherapie-breitling.de\/?page_id=18"},"modified":"2026-04-13T16:00:30","modified_gmt":"2026-04-13T16:00:30","slug":"startseite","status":"publish","type":"page","link":"http:\/\/psychotherapie-breitling.de\/en\/","title":{"rendered":"Lis Breitling<br \/>Munich and Online"},"content":{"rendered":"<div data-elementor-type=\"wp-page\" data-elementor-id=\"18\" class=\"elementor elementor-18\">\n\t\t\t\t<div class=\"elementor-element elementor-element-bc7bb96 e-grid e-con-boxed e-con e-parent\" data-id=\"bc7bb96\" data-element_type=\"container\" data-e-type=\"container\">\n\t\t\t\t\t<div class=\"e-con-inner\">\n\t\t\t\t\t<\/div>\n\t\t\t\t<\/div>\n\t\t<div class=\"elementor-element elementor-element-6cace423 e-flex e-con-boxed e-con e-parent\" data-id=\"6cace423\" data-element_type=\"container\" data-e-type=\"container\">\n\t\t\t\t\t<div class=\"e-con-inner\">\n\t\t\t\t<div class=\"elementor-element elementor-element-64a4fa5d elementor-widget elementor-widget-text-editor\" data-id=\"64a4fa5d\" data-element_type=\"widget\" data-e-type=\"widget\" data-widget_type=\"text-editor.default\">\n\t\t\t\t\t\t\t\t\t<h3>Sometimes life confronts us ...<\/h3>\n<p><span style=\"font-size: 16px;\"><span style=\"font-size: 18px;\">... with circumstances that seem unsurmountable. Stress and crisis can manifest in, for example, withdrawal, physical malaise, depression, sleep disorders or anxiety. Having such or any other overwhelming symptoms, it is beneficial to receive professional support \u2013 I am glad you found your way here.<\/span><\/span><\/p>\n<div class=\"wp-block-columns\" style=\"font-size: 18px;\">\n<div class=\"wp-block-column\" style=\"font-size: 18px;\">\n<div class=\"wp-block-group\">\n<div class=\"wp-block-columns\">\n<div class=\"wp-block-column is-vertically-aligned-center\">\n<h3>Welcome!<\/h3>\n<p style=\"text-align: left;\"><span style=\"font-size: 18px;\">My name is Lis Breitling. I provide psychological counseling, therapy and crisis intervention for individuals and couples in English and German at my private practice in Munich and online. I also coach individuals for personal and professional growth.\u00a0<\/span><\/p>\n<p style=\"text-align: left;\">I offer a 20-minute Q&amp;A session for new clients, free of charge, to answer any questions you might have and to determine the best way forward. To schedule such a session, please contact me by email at <strong>lis@lisbreitling.com<\/strong> or by phone at <strong>+49 (0)89 212 56 070<\/strong>.<\/p>\n<p>\u00a0<\/p>\n<p><!-- \/wp:paragraph --><!-- wp:paragraph --><!-- \/wp:paragraph --><!-- wp:paragraph --><!-- \/wp:paragraph --><!-- wp:paragraph {\"style\":{\"typography\":{\"fontSize\":\"18px\"}},\"textColor\":\"black\"} --><!-- \/wp:paragraph --><!-- wp:buttons --><\/p>\n<div class=\"wp-block-buttons\">\n<p><!-- wp:button {\"backgroundColor\":\"white\",\"className\":\"alignleft is-style-outline\",\"style\":{\"typography\":{\"letterSpacing\":\"3px\"},\"border\":{\"radius\":\"0px\"},\"color\":{\"text\":\"#710202\"}},\"fontSize\":\"medium\"} --><\/p>\n<div class=\"wp-block-button alignleft is-style-outline\"><a class=\"wp-block-button__link has-white-background-color has-text-color has-background has-medium-font-size has-custom-font-size wp-element-button\" style=\"border-radius: 0px; color: #710202; letter-spacing: 3px;\">Contact me here !<\/a><\/div>\n<p><!-- \/wp:button --><\/p>\n<\/div>\n<p><!-- \/wp:buttons --><\/p>\n<\/div>\n<p><!-- \/wp:column --><!-- wp:column {\"verticalAlignment\":\"top\"} --><\/p>\n<div class=\"wp-block-column is-vertically-aligned-top\">\n<p><!-- wp:image {\"id\":1289,\"sizeSlug\":\"full\",\"linkDestination\":\"none\",\"align\":\"right\"} --><\/p>\n<figure class=\"wp-block-image alignright size-full\"><img fetchpriority=\"high\" decoding=\"async\" width=\"526\" height=\"481\" class=\"wp-image-1289\" src=\"http:\/\/psychotherapie-breitling.de\/wp-content\/uploads\/2024\/02\/Breitling_color_photo.jpeg\" alt=\"\" srcset=\"http:\/\/psychotherapie-breitling.de\/wp-content\/uploads\/2024\/02\/Breitling_color_photo.jpeg 526w, http:\/\/psychotherapie-breitling.de\/wp-content\/uploads\/2024\/02\/Breitling_color_photo-300x274.jpeg 300w, http:\/\/psychotherapie-breitling.de\/wp-content\/uploads\/2024\/02\/Breitling_color_photo-13x12.jpeg 13w\" sizes=\"(max-width: 526px) 100vw, 526px\" \/><\/figure>\n<p><!-- \/wp:image --><\/p>\n<\/div>\n<p><!-- \/wp:column --><\/p>\n<\/div>\n<p><!-- \/wp:columns --><\/p>\n<\/div>\n<p><!-- \/wp:group --><!-- wp:freeform --><\/p>\n<p>My therapeutic approach is primarily based on humanistic psychology: talk therapy with components of crisis, grief and trauma therapy, as well as \u201cInner Child\u201d work and family constellations.<\/p>\n<p>Following are a few examples of problems, issues or concerns I specialize in:<\/p>\n<ul>\n<li>Grief and loss (death, divorce\/separation, terminal diagnosis)<\/li>\n<li>Anxiety and depression, sadness, low mood, and\/or lack of motivation and energy<\/li>\n<li>Existential questions (e.g. aging, meaning, illness)<\/li>\n<li>Life transitions, starting over<\/li>\n<li>Stress and Burnout in the workplace or at home<\/li>\n<li>Relationship conflicts and distress, communication problems<\/li>\n<li>Trauma (shock trauma, developmental trauma, physical and\/or emotional abusive experiences)<\/li>\n<li>Identity formation (self-concept, self-worth)<\/li>\n<li>Personal and professional development (adolescents and adults)<\/li>\n<\/ul>\n<p>I studied humanities and pre-med at Ludwig-Maximilians-University (Munich) and was trained in psychology, with extra training in crisis and grief counseling at ZfN in Munich. In addition I hold a B.A. in Philosophy and Fine Arts. \nI am a non-medical practitioner of psychotherapy licensed in Germany (according to \u201cHeilpraktikergesetz\u201d, Heilpraktikerin, ausschlie\u00dflich f\u00fcr Psychotherapie) registered with the Department of Health, Munich.<\/p>\n<p>Furthermore, it goes without saying that my services and all conversations are treated with utmost professional confidentiality. By law, your health records and information must be kept safe and confidential and I adhere to all legal requirements.\nI am a member with the following professional organizations:<\/p>\n<ul>\n<li>Association of Independent Psychotherapists, HP Psych and Psychological Counselors e.V. (VfP)<\/li>\n<li>Somatic Experiencing Germany e.V.<\/li>\n<li>Professional Association for Health Services and Public Welfare (Berufsgenossenschaft f\u00fcr Gesundheitsdienst und Wohlfahrtspflege)<\/li>\n<\/ul>\n<p><!-- \/wp:freeform --><\/p>\n<\/div>\n<p><!-- \/wp:column --><\/p>\n<\/div>\n<p><!-- \/wp:columns --><!-- wp:separator --><\/p>\n<hr class=\"wp-block-separator has-alpha-channel-opacity\" \/>\n<p><!-- \/wp:separator --><!-- wp:paragraph --><\/p>\n<p><!-- \/wp:paragraph --><!-- wp:heading {\"level\":1,\"style\":{\"color\":{\"text\":\"#881212\"},\"typography\":{\"fontSize\":\"32px\"}}} --><\/p>\n<h1 class=\"wp-block-heading has-text-color\" style=\"color: #881212; font-size: 32px;\">Klientenstimmen<\/h1>\n<p><!-- \/wp:heading --><!-- wp:quote --><\/p>\n<blockquote class=\"wp-block-quote\">\n<p><!-- wp:paragraph {\"style\":{\"typography\":{\"fontSize\":\"19px\"}},\"textColor\":\"black\"} --><\/p>\n<p class=\"has-black-color has-text-color\" style=\"font-size: 19px;\">Nach dem Selbstmord meines Bruders, habe ich viele Jahre in Therapie und Trauergruppen verbracht, bin aber dennoch nie ganz \u00fcber seinen Tod hinweggekommen. \u00dcber eine Empfehlung bin ich letztendlich auf Frau Breitling gesto\u00dfen. Sie hat mir sehr aufmerksam zugeh\u00f6rt und Fragen gestellt, \u00fcber die ich bis dahin noch nie nachgedacht hatte. Zum ersten Mal hatte ich den Eindruck, dass ich tats\u00e4chlich in meinem Schmerz ganz wahrgenommen wurde und es hat sich mir ein anderer Blickwinkel er\u00f6ffnet. W\u00e4hrend einer \u00dcbung hatte ich eine Art Schl\u00fcsselerlebnis durch das ich endlich einen Abschluss finden konnte und den lang ersehnten Frieden gefunden habe. Vielen Dank! (Anja M.)<\/p>\n<p><!-- \/wp:paragraph --><\/p>\n<\/blockquote>\n<p><!-- \/wp:quote --><!-- wp:group {\"layout\":{\"type\":\"flex\",\"flexWrap\":\"nowrap\"}} --><\/p>\n<div class=\"wp-block-group\">\u00a0<\/div>\n<p><!-- \/wp:group --><\/p>\t\t\t\t\t\t\t\t<\/div>\n\t\t\t\t\t<\/div>\n\t\t\t\t<\/div>\n\t\t<div class=\"elementor-element elementor-element-52c3db2 e-flex e-con-boxed e-con e-parent\" data-id=\"52c3db2\" data-element_type=\"container\" data-e-type=\"container\">\n\t\t\t\t\t<div class=\"e-con-inner\">\n\t\t\t\t\t<\/div>\n\t\t\t\t<\/div>\n\t\t<div class=\"elementor-element elementor-element-f66e2ab e-flex e-con-boxed e-con e-parent\" data-id=\"f66e2ab\" data-element_type=\"container\" data-e-type=\"container\">\n\t\t\t\t\t<div class=\"e-con-inner\">\n\t\t\t\t\t<\/div>\n\t\t\t\t<\/div>\n\t\t<div class=\"elementor-element elementor-element-7de02cc e-flex e-con-boxed e-con e-parent\" data-id=\"7de02cc\" data-element_type=\"container\" data-e-type=\"container\">\n\t\t\t\t\t<div class=\"e-con-inner\">\n\t\t\t\t<div class=\"elementor-element elementor-element-4d8b793 elementor-widget-divider--view-line elementor-widget elementor-widget-divider\" data-id=\"4d8b793\" data-element_type=\"widget\" data-e-type=\"widget\" data-widget_type=\"divider.default\">\n\t\t\t\t\t\t\t<div class=\"elementor-divider\">\n\t\t\t<span class=\"elementor-divider-separator\">\n\t\t\t\t\t\t<\/span>\n\t\t<\/div>\n\t\t\t\t\t\t<\/div>\n\t\t\t\t\t<\/div>\n\t\t\t\t<\/div>\n\t\t\t\t<div class=\"elementor-element elementor-element-f868cc8 e-con e-atomic-element e-flexbox-base\" data-id=\"f868cc8\" data-element_type=\"e-flexbox\" data-e-type=\"e-flexbox\" data-interaction-id=\"f868cc8\">\n\t\t\t\t\t\t\t\n\t\t<img class=\"e-image-base\" \n\t\t\t\t\tdata-interaction-id=\"2944c2a\" \n\t\t \n\t\t \n\t\t\t\t\t\t\t\t\tsrc=\"http:\/\/psychotherapie-breitling.de\/wp-content\/plugins\/elementor\/assets\/images\/placeholder-v4.svg\"\n\t\t\t\t\t\t\/>\n\t\t\t\t\t<\/div>\n\t\t\t\t<\/div>","protected":false},"excerpt":{"rendered":"Es gibt Momente im Leben, die scheinen un\u00fcberwindlich. Manchmal konfrontiert uns das Leben mit Umst\u00e4nden, die un\u00fcberwindlich scheinen. Stress, Krisen und starke emotionale Belastungen werden individuell verschieden erlebt und k\u00f6nnen sich in k\u00f6rperlichem Unwohlsein, depressiven Verstimmungen und R\u00fcckzug oder auch Schlafst\u00f6rungen oder Angstzust\u00e4nden \u00e4u\u00dfern. Bei solchen oder \u00e4hnlichen \u00fcberw\u00e4ltigenden Symptomen ist es wichtig, professionelle Unterst\u00fctzung...","protected":false},"author":1,"featured_media":0,"parent":0,"menu_order":0,"comment_status":"closed","ping_status":"closed","template":"elementor_canvas","meta":{"footnotes":""},"class_list":["post-18","page","type-page","status-publish","hentry"],"_links":{"self":[{"href":"http:\/\/psychotherapie-breitling.de\/en\/wp-json\/wp\/v2\/pages\/18","targetHints":{"allow":["GET"]}}],"collection":[{"href":"http:\/\/psychotherapie-breitling.de\/en\/wp-json\/wp\/v2\/pages"}],"about":[{"href":"http:\/\/psychotherapie-breitling.de\/en\/wp-json\/wp\/v2\/types\/page"}],"author":[{"embeddable":true,"href":"http:\/\/psychotherapie-breitling.de\/en\/wp-json\/wp\/v2\/users\/1"}],"replies":[{"embeddable":true,"href":"http:\/\/psychotherapie-breitling.de\/en\/wp-json\/wp\/v2\/comments?post=18"}],"version-history":[{"count":371,"href":"http:\/\/psychotherapie-breitling.de\/en\/wp-json\/wp\/v2\/pages\/18\/revisions"}],"predecessor-version":[{"id":1426,"href":"http:\/\/psychotherapie-breitling.de\/en\/wp-json\/wp\/v2\/pages\/18\/revisions\/1426"}],"wp:attachment":[{"href":"http:\/\/psychotherapie-breitling.de\/en\/wp-json\/wp\/v2\/media?parent=18"}],"curies":[{"name":"wp","href":"https:\/\/api.w.org\/{rel}","templated":true}]}}