{"id":138,"date":"2023-01-07T15:44:54","date_gmt":"2023-01-07T15:44:54","guid":{"rendered":"http:\/\/psychotherapie-breitling.de\/?page_id=138"},"modified":"2026-04-17T09:18:46","modified_gmt":"2026-04-17T09:18:46","slug":"kosten","status":"publish","type":"page","link":"http:\/\/psychotherapie-breitling.de\/en\/kosten\/","title":{"rendered":"Finanzielles"},"content":{"rendered":"<div data-elementor-type=\"wp-page\" data-elementor-id=\"138\" class=\"elementor elementor-138\">\n\t\t\t\t<div class=\"elementor-element elementor-element-f9f470b e-flex e-con-boxed e-con e-parent\" data-id=\"f9f470b\" data-element_type=\"container\" data-e-type=\"container\">\n\t\t\t\t\t<div class=\"e-con-inner\">\n\t\t\t\t<div class=\"elementor-element elementor-element-4b3413f6 elementor-widget elementor-widget-text-editor\" data-id=\"4b3413f6\" data-element_type=\"widget\" data-e-type=\"widget\" data-widget_type=\"text-editor.default\">\n\t\t\t\t\t\t\t\t\t\n<p><span style=\"color: #800000;\"><strong>FEES<\/strong><\/span><\/p>\n\n<p><span style=\"color: #333300;\">Mein Honorar betr\u00e4gt \u20ac140\/50 Min. f\u00fcr Einzelpersonen und \u20ac220\/80 Min. f\u00fcr Paare. In Ausnahmef\u00e4llen gew\u00e4hre ich ein sogenanntes \u201eSoziales Honorar\u201c. Mehr Info hierzu finden Sie weiter unten.<\/span><\/p>\n\n<p><span style=\"color: #800000;\"><strong>CANCELLATION POLICY<\/strong><\/span><\/p>\n\n<p><span style=\"color: #333300;\">Sessions are held by appointment only, a booked appointment is binding. Please keep in mind, your appointment time is exclusively for you. Therefore, in case you cannot attend, I ask that you notify me as soon as possible via email at lis@lisbreitling.com.\nIn any case, please make sure to notify me at least 24 hours ahead of the scheduled appointment\ntime. A no-show (without warning) or cancellation (for any reason) with less than 24 hours notice\n(in writing via Email) will result in a 100% charge of the agreed-upon fee.<\/span><\/p>\n\n<p><span style=\"color: #800000;\"><strong>SERVICE AGREEMENT<\/strong><\/span><\/p>\n<p><span style=\"color: #333300;\">I work in private practice and don't take any insurance. The legal basis of this therapist-client service agreement is \u00a7611 ff. BGB. The client receives all billing. Please keep in mind that I am not an insurance or tax specialist, I cannot advice you on such matters. Please address any questions in regard to reimbursement of fees or the possibility of a tax deduction with your insurance and\/or tax counsel. In order to make an informed decision, I recommend doing so before you start sessions.<\/span><\/p>\n<p><span style=\"color: #333300;\">In this context, I would like to point out that insurance coverage typically comes with numerous conditions and is not necessarily an advantage. By choosing to self-pay, you bypass the restrictions imposed by insurance policies. This grants us the greatest possible freedom to focus entirely on your specific needs and find the best solutions without a pathology-centered approach. Particularly within the German public healthcare system, you can avoid hurdles such as long wait times for approvals, limitations on therapeutic methods, mandated intervals between appointments, and caps on the number of sessions. Furthermore, you eliminate the need for extensive clinical documentation shared with third-party payers, such as formal ICD diagnosis codes and permanent entries in your medical record.<\/span><\/p>\n\n<p><span style=\"color: #800000;\"><strong>HARDSHIP POLICY<\/strong><\/span><\/p>\n\n<p><span style=\"color: #333300;\">Ich bin in einem Heilberuf t\u00e4tig. Aus berufsethischen Gr\u00fcnden bin ich deshalb der Meinung, dass finanzielle Gegebenheiten einer Behandlung nicht im Wege stehen d\u00fcrfen. Deshalb biete ich die M\u00f6glichkeit des sogenannten \u201eSozialen Honorars\u201c. Bitte scheuen Sie sich nicht, mich anzusprechen. Wenn man sich in einer akuten Krise befindet, braucht man schnellstm\u00f6gliche Hilfe und finanzielle Mittel sollten kein Hinderungsgrund sein. Sicher finden wir eine faire L\u00f6sung.<\/span><\/p>\n\t\t\t\t\t\t\t\t<\/div>\n\t\t\t\t\t<\/div>\n\t\t\t\t<\/div>\n\t\t\t\t<\/div>","protected":false},"excerpt":{"rendered":"<p>KOSTEN Mein Honorar betr\u00e4gt \u20ac140\/50 Min. f\u00fcr Einzelpersonen und \u20ac220\/80 Min. f\u00fcr Paare. In Ausnahmef\u00e4llen gew\u00e4hre ich ein sogenanntes \u201eSoziales Honorar\u201c. Mehr Info hierzu finden Sie weiter unten. TERMINVEREINBARUNG und ABSAGEN Termine k\u00f6nnen online oder nach Absprache gebucht werden und sind nur f\u00fcr Sie reserviert. Der vereinbarte Termin ist verbindlich. K\u00f6nnen Sie einen gebuchten Termin&#8230;<\/p>","protected":false},"author":1,"featured_media":0,"parent":0,"menu_order":0,"comment_status":"closed","ping_status":"closed","template":"","meta":{"footnotes":""},"class_list":["post-138","page","type-page","status-publish","hentry"],"_links":{"self":[{"href":"http:\/\/psychotherapie-breitling.de\/en\/wp-json\/wp\/v2\/pages\/138","targetHints":{"allow":["GET"]}}],"collection":[{"href":"http:\/\/psychotherapie-breitling.de\/en\/wp-json\/wp\/v2\/pages"}],"about":[{"href":"http:\/\/psychotherapie-breitling.de\/en\/wp-json\/wp\/v2\/types\/page"}],"author":[{"embeddable":true,"href":"http:\/\/psychotherapie-breitling.de\/en\/wp-json\/wp\/v2\/users\/1"}],"replies":[{"embeddable":true,"href":"http:\/\/psychotherapie-breitling.de\/en\/wp-json\/wp\/v2\/comments?post=138"}],"version-history":[{"count":57,"href":"http:\/\/psychotherapie-breitling.de\/en\/wp-json\/wp\/v2\/pages\/138\/revisions"}],"predecessor-version":[{"id":1630,"href":"http:\/\/psychotherapie-breitling.de\/en\/wp-json\/wp\/v2\/pages\/138\/revisions\/1630"}],"wp:attachment":[{"href":"http:\/\/psychotherapie-breitling.de\/en\/wp-json\/wp\/v2\/media?parent=138"}],"curies":[{"name":"wp","href":"https:\/\/api.w.org\/{rel}","templated":true}]}}