{"id":12,"date":"2023-01-04T11:12:03","date_gmt":"2023-01-04T11:12:03","guid":{"rendered":"http:\/\/psychotherapie-breitling.de\/?page_id=12"},"modified":"2026-04-16T08:39:46","modified_gmt":"2026-04-16T08:39:46","slug":"kontakt","status":"publish","type":"page","link":"http:\/\/psychotherapie-breitling.de\/en\/kontakt\/","title":{"rendered":"Book Now"},"content":{"rendered":"<div data-elementor-type=\"wp-page\" data-elementor-id=\"12\" class=\"elementor elementor-12\">\n\t\t\t\t<div class=\"elementor-element elementor-element-1dc33f0c e-flex e-con-boxed e-con e-parent\" data-id=\"1dc33f0c\" data-element_type=\"container\" data-e-type=\"container\">\n\t\t\t\t\t<div class=\"e-con-inner\">\n\t\t\t\t<div class=\"elementor-element elementor-element-1e5b2308 elementor-widget elementor-widget-text-editor\" data-id=\"1e5b2308\" data-element_type=\"widget\" data-e-type=\"widget\" data-widget_type=\"text-editor.default\">\n\t\t\t\t\t\t\t\t\t\n<p class=\"wp-block-heading has-text-align-left has-text-color has-medium-font-size\" style=\"color: #500202;\"><span style=\"color: #000000;\">Tel.:\u00a0 \u00a0 +49 (0) 89 212 56 070<\/span><br \/><span style=\"color: #000000;\">Mail:\u00a0 \u00a0lis@lisbreitling.com<\/span><\/p>\n\n<p class=\"wp-block-heading has-text-align-left has-text-color has-medium-font-size\" style=\"color: #500202;\"><span style=\"color: #000000;\">Hier k\u00f6nnen Sie den kostenlosen Q&A Termin oder eine Sitzung selbst buchen. Mit der Maus \u00fcber den Kalender gehen, dann k\u00f6nnen Sie zur gew\u00fcnschten Sitzungsart scrollen und per Klick die gew\u00fcnschte Sitzung ausw\u00e4hlen, sodann \u00f6ffnet sich ein neues Fenster, wo Sie den Tag und die Uhrzeit w\u00e4hlen k\u00f6nnen.<\/span><\/p>\n\t\t\t\t\t\t\t\t<\/div>\n\t\t\t\t\t<\/div>\n\t\t\t\t<\/div>\n\t\t<div class=\"elementor-element elementor-element-00d06c0 e-grid e-con-boxed e-con e-parent\" data-id=\"00d06c0\" data-element_type=\"container\" data-e-type=\"container\">\n\t\t\t\t\t<div class=\"e-con-inner\">\n\t\t\t\t<div class=\"elementor-element elementor-element-123590d elementor-widget elementor-widget-html\" data-id=\"123590d\" data-element_type=\"widget\" data-e-type=\"widget\" data-widget_type=\"html.default\">\n\t\t\t\t\t<iframe src=\"https:\/\/app.simplymeet.me\/lisbreitlingtherapist?is_widget=1&view=compact\" style=\"width:100%; height:650px;\" frameborder=\"0\" scrolling=\"yes\"><\/iframe>\t\t\t\t<\/div>\n\t\t\t\t\t<\/div>\n\t\t\t\t<\/div>\n\t\t\t\t<\/div>","protected":false},"excerpt":{"rendered":"<p>Tel.:\u00a0 \u00a0 +49 (0) 89 212 56 070Mail:\u00a0 \u00a0lis@lisbreitling.com Hier k\u00f6nnen Sie den kostenlosen Q&#038;A Termin oder eine Sitzung selbst buchen. Mit der Maus \u00fcber den Kalender gehen, dann k\u00f6nnen Sie zur gew\u00fcnschten Sitzungsart scrollen und per Klick die gew\u00fcnschte Sitzung ausw\u00e4hlen, sodann \u00f6ffnet sich ein neues Fenster, wo Sie den Tag und die Uhrzeit&#8230;<\/p>","protected":false},"author":1,"featured_media":0,"parent":0,"menu_order":0,"comment_status":"closed","ping_status":"closed","template":"","meta":{"footnotes":""},"class_list":["post-12","page","type-page","status-publish","hentry"],"_links":{"self":[{"href":"http:\/\/psychotherapie-breitling.de\/en\/wp-json\/wp\/v2\/pages\/12","targetHints":{"allow":["GET"]}}],"collection":[{"href":"http:\/\/psychotherapie-breitling.de\/en\/wp-json\/wp\/v2\/pages"}],"about":[{"href":"http:\/\/psychotherapie-breitling.de\/en\/wp-json\/wp\/v2\/types\/page"}],"author":[{"embeddable":true,"href":"http:\/\/psychotherapie-breitling.de\/en\/wp-json\/wp\/v2\/users\/1"}],"replies":[{"embeddable":true,"href":"http:\/\/psychotherapie-breitling.de\/en\/wp-json\/wp\/v2\/comments?post=12"}],"version-history":[{"count":44,"href":"http:\/\/psychotherapie-breitling.de\/en\/wp-json\/wp\/v2\/pages\/12\/revisions"}],"predecessor-version":[{"id":1482,"href":"http:\/\/psychotherapie-breitling.de\/en\/wp-json\/wp\/v2\/pages\/12\/revisions\/1482"}],"wp:attachment":[{"href":"http:\/\/psychotherapie-breitling.de\/en\/wp-json\/wp\/v2\/media?parent=12"}],"curies":[{"name":"wp","href":"https:\/\/api.w.org\/{rel}","templated":true}]}}